{"id":406,"date":"2016-09-27T09:51:22","date_gmt":"2016-09-27T09:51:22","guid":{"rendered":"http:\/\/fitness2.mythemecloud.io\/?page_id=406"},"modified":"2025-08-20T07:52:26","modified_gmt":"2025-08-20T07:52:26","slug":"studio","status":"publish","type":"page","link":"https:\/\/bijemypiane.pl\/index.php\/studio\/","title":{"rendered":"Studio"},"content":{"rendered":"\t\t<div data-elementor-type=\"wp-post\" data-elementor-id=\"406\" class=\"elementor elementor-406\">\n\t\t\t\t\t\t<section class=\"elementor-section elementor-top-section elementor-element elementor-element-ybrx6zd elementor-section-content-middle elementor-section-boxed elementor-section-height-default elementor-section-height-default\" data-id=\"ybrx6zd\" data-element_type=\"section\">\n\t\t\t\t\t\t<div class=\"elementor-container elementor-column-gap-default\">\n\t\t\t\t\t<div class=\"elementor-column elementor-col-50 elementor-top-column elementor-element elementor-element-nm7wyr2\" data-id=\"nm7wyr2\" data-element_type=\"column\">\n\t\t\t<div class=\"elementor-widget-wrap elementor-element-populated\">\n\t\t\t\t\t\t<div class=\"elementor-element elementor-element-shc2be8 elementor-widget elementor-widget-image\" data-id=\"shc2be8\" data-element_type=\"widget\" data-widget_type=\"image.default\">\n\t\t\t\t\t\t\t\t\t\t\t\t\t\t\t\t<a href=\"https:\/\/bijemypiane.pl\/wp-content\/uploads\/2025\/08\/Zespol.jpg\" data-elementor-open-lightbox=\"yes\" data-elementor-lightbox-title=\"Zespol\" data-elementor-lightbox-description=\"Tomek Ania Rafa\u0142\" data-e-action-hash=\"#elementor-action%3Aaction%3Dlightbox%26settings%3DeyJpZCI6MTIwNSwidXJsIjoiaHR0cHM6XC9cL2JpamVteXBpYW5lLnBsXC93cC1jb250ZW50XC91cGxvYWRzXC8yMDI1XC8wOFwvWmVzcG9sLndlYnAifQ%3D%3D\">\n\t\t\t\t\t\t\t<img fetchpriority=\"high\" decoding=\"async\" width=\"768\" height=\"514\" src=\"https:\/\/bijemypiane.pl\/wp-content\/uploads\/2025\/08\/Zespol-768x514.webp\" class=\"attachment-medium_large size-medium_large wp-image-1205\" alt=\"nasz zesp\u00f3\u0142 zesp\u00f3\u0142 bijemypiane.pl\" srcset=\"https:\/\/bijemypiane.pl\/wp-content\/uploads\/2025\/08\/Zespol-768x514.webp 768w, https:\/\/bijemypiane.pl\/wp-content\/uploads\/2025\/08\/Zespol-300x201.webp 300w, https:\/\/bijemypiane.pl\/wp-content\/uploads\/2025\/08\/Zespol.webp 1012w\" sizes=\"(max-width: 768px) 100vw, 768px\" \/>\t\t\t\t\t\t\t\t<\/a>\n\t\t\t\t\t\t\t\t\t\t\t\t\t\t\t<\/div>\n\t\t\t\t\t<\/div>\n\t\t<\/div>\n\t\t\t\t<div class=\"elementor-column elementor-col-50 elementor-top-column elementor-element elementor-element-r7gqrhq\" data-id=\"r7gqrhq\" data-element_type=\"column\">\n\t\t\t<div class=\"elementor-widget-wrap elementor-element-populated\">\n\t\t\t\t\t\t<div class=\"elementor-element elementor-element-x4fpxui elementor-widget__width-inherit elementor-widget elementor-widget-text-editor\" data-id=\"x4fpxui\" data-element_type=\"widget\" data-widget_type=\"text-editor.default\">\n\t\t\t\t\t\t\t\t\t<h3 data-start=\"98\" data-end=\"107\">O nas<\/h3><p data-start=\"109\" data-end=\"422\">\u00a0 \u00a0 Jeste\u015bmy pr\u0119\u017cnie dzia\u0142aj\u0105c\u0105 firm\u0105 na rynku budowlanym od 2011 roku. Nasze wieloletnie do\u015bwiadczenie pozwala nam \u015bwiadczy\u0107 us\u0142ugi na najwy\u017cszym poziomie. W odpowiedzi na rosn\u0105ce potrzeby naszych klient\u00f3w, rozszerzyli\u015bmy ofert\u0119 o profesjonalne ocieplanie budynk\u00f3w pian\u0105 PUR \u2013 nowoczesn\u0105 i skuteczn\u0105 metod\u0105 izolacji.<\/p><p data-start=\"424\" data-end=\"676\">\u00a0 \u00a0 Nasz\u0105 firm\u0119 cechuje sumienno\u015b\u0107, terminowo\u015b\u0107 oraz indywidualne podej\u015bcie do ka\u017cdego zlecenia. Ka\u017cdy projekt realizujemy z pe\u0142nym zaanga\u017cowaniem, a potwierdzeniem wysokiej jako\u015bci naszych us\u0142ug jest grono zadowolonych klient\u00f3w, kt\u00f3re stale si\u0119 powi\u0119ksza.<\/p>\t\t\t\t\t\t\t\t<\/div>\n\t\t\t\t\t<\/div>\n\t\t<\/div>\n\t\t\t\t\t<\/div>\n\t\t<\/section>\n\t\t\t\t<section class=\"elementor-section elementor-top-section elementor-element elementor-element-qod0lr5 elementor-section-boxed elementor-section-height-default elementor-section-height-default\" data-id=\"qod0lr5\" data-element_type=\"section\">\n\t\t\t\t\t\t<div class=\"elementor-container elementor-column-gap-default\">\n\t\t\t\t\t<div class=\"elementor-column elementor-col-100 elementor-top-column elementor-element elementor-element-7268cb2\" data-id=\"7268cb2\" data-element_type=\"column\">\n\t\t\t<div class=\"elementor-widget-wrap\">\n\t\t\t\t\t\t\t<\/div>\n\t\t<\/div>\n\t\t\t\t\t<\/div>\n\t\t<\/section>\n\t\t\t\t<\/div>\n\t\t","protected":false},"excerpt":{"rendered":"<p>O nas \u00a0 \u00a0 Jeste\u015bmy pr\u0119\u017cnie dzia\u0142aj\u0105c\u0105 firm\u0105 na rynku budowlanym od 2011 roku. Nasze wieloletnie do\u015bwiadczenie pozwala nam \u015bwiadczy\u0107 us\u0142ugi na najwy\u017cszym poziomie. W odpowiedzi na rosn\u0105ce potrzeby naszych klient\u00f3w, rozszerzyli\u015bmy ofert\u0119 o profesjonalne ocieplanie budynk\u00f3w pian\u0105 PUR \u2013 nowoczesn\u0105 i skuteczn\u0105 metod\u0105 izolacji. \u00a0 \u00a0 Nasz\u0105 firm\u0119 cechuje sumienno\u015b\u0107, terminowo\u015b\u0107 oraz indywidualne podej\u015bcie [&hellip;]<\/p>\n","protected":false},"author":1,"featured_media":0,"parent":0,"menu_order":0,"comment_status":"closed","ping_status":"closed","template":"","meta":{"ocean_post_layout":"full-width","ocean_both_sidebars_style":"","ocean_both_sidebars_content_width":0,"ocean_both_sidebars_sidebars_width":0,"ocean_sidebar":"","ocean_second_sidebar":"","ocean_disable_margins":"enable","ocean_add_body_class":"","ocean_shortcode_before_top_bar":"","ocean_shortcode_after_top_bar":"","ocean_shortcode_before_header":"","ocean_shortcode_after_header":"","ocean_has_shortcode":"","ocean_shortcode_after_title":"","ocean_shortcode_before_footer_widgets":"","ocean_shortcode_after_footer_widgets":"","ocean_shortcode_before_footer_bottom":"","ocean_shortcode_after_footer_bottom":"","ocean_display_top_bar":"default","ocean_display_header":"default","ocean_header_style":"","ocean_center_header_left_menu":"","ocean_custom_header_template":"","ocean_custom_logo":0,"ocean_custom_retina_logo":0,"ocean_custom_logo_max_width":0,"ocean_custom_logo_tablet_max_width":0,"ocean_custom_logo_mobile_max_width":0,"ocean_custom_logo_max_height":0,"ocean_custom_logo_tablet_max_height":0,"ocean_custom_logo_mobile_max_height":0,"ocean_header_custom_menu":"","ocean_menu_typo_font_family":"","ocean_menu_typo_font_subset":"","ocean_menu_typo_font_size":0,"ocean_menu_typo_font_size_tablet":0,"ocean_menu_typo_font_size_mobile":0,"ocean_menu_typo_font_size_unit":"px","ocean_menu_typo_font_weight":"","ocean_menu_typo_font_weight_tablet":"","ocean_menu_typo_font_weight_mobile":"","ocean_menu_typo_transform":"","ocean_menu_typo_transform_tablet":"","ocean_menu_typo_transform_mobile":"","ocean_menu_typo_line_height":0,"ocean_menu_typo_line_height_tablet":0,"ocean_menu_typo_line_height_mobile":0,"ocean_menu_typo_line_height_unit":"","ocean_menu_typo_spacing":0,"ocean_menu_typo_spacing_tablet":0,"ocean_menu_typo_spacing_mobile":0,"ocean_menu_typo_spacing_unit":"","ocean_menu_link_color":"","ocean_menu_link_color_hover":"","ocean_menu_link_color_active":"","ocean_menu_link_background":"","ocean_menu_link_hover_background":"","ocean_menu_link_active_background":"","ocean_menu_social_links_bg":"","ocean_menu_social_hover_links_bg":"","ocean_menu_social_links_color":"","ocean_menu_social_hover_links_color":"","ocean_disable_title":"on","ocean_disable_heading":"default","ocean_post_title":"","ocean_post_subheading":"","ocean_post_title_style":"","ocean_post_title_background_color":"","ocean_post_title_background":0,"ocean_post_title_bg_image_position":"","ocean_post_title_bg_image_attachment":"","ocean_post_title_bg_image_repeat":"","ocean_post_title_bg_image_size":"","ocean_post_title_height":0,"ocean_post_title_bg_overlay":0.5,"ocean_post_title_bg_overlay_color":"","ocean_disable_breadcrumbs":"default","ocean_breadcrumbs_color":"","ocean_breadcrumbs_separator_color":"","ocean_breadcrumbs_links_color":"","ocean_breadcrumbs_links_hover_color":"","ocean_display_footer_widgets":"default","ocean_display_footer_bottom":"default","ocean_custom_footer_template":"","omw_enable_modal_window":"enable","footnotes":""},"class_list":["post-406","page","type-page","status-publish","hentry","entry"],"_links":{"self":[{"href":"https:\/\/bijemypiane.pl\/index.php\/wp-json\/wp\/v2\/pages\/406","targetHints":{"allow":["GET"]}}],"collection":[{"href":"https:\/\/bijemypiane.pl\/index.php\/wp-json\/wp\/v2\/pages"}],"about":[{"href":"https:\/\/bijemypiane.pl\/index.php\/wp-json\/wp\/v2\/types\/page"}],"author":[{"embeddable":true,"href":"https:\/\/bijemypiane.pl\/index.php\/wp-json\/wp\/v2\/users\/1"}],"replies":[{"embeddable":true,"href":"https:\/\/bijemypiane.pl\/index.php\/wp-json\/wp\/v2\/comments?post=406"}],"version-history":[{"count":20,"href":"https:\/\/bijemypiane.pl\/index.php\/wp-json\/wp\/v2\/pages\/406\/revisions"}],"predecessor-version":[{"id":1351,"href":"https:\/\/bijemypiane.pl\/index.php\/wp-json\/wp\/v2\/pages\/406\/revisions\/1351"}],"wp:attachment":[{"href":"https:\/\/bijemypiane.pl\/index.php\/wp-json\/wp\/v2\/media?parent=406"}],"curies":[{"name":"wp","href":"https:\/\/api.w.org\/{rel}","templated":true}]}}