{"id":1313,"date":"2025-08-12T15:51:23","date_gmt":"2025-08-12T15:51:23","guid":{"rendered":"http:\/\/bijemypiane.pl\/?page_id=1313"},"modified":"2025-08-20T07:35:21","modified_gmt":"2025-08-20T07:35:21","slug":"elementor-page-1313","status":"publish","type":"page","link":"https:\/\/bijemypiane.pl\/index.php\/elementor-page-1313\/","title":{"rendered":"Otwarto-kom\u00f3rkowa"},"content":{"rendered":"\t\t<div data-elementor-type=\"wp-page\" data-elementor-id=\"1313\" class=\"elementor elementor-1313\">\n\t\t\t\t<div class=\"elementor-element elementor-element-c0c86d8 e-flex e-con-boxed e-con e-parent\" data-id=\"c0c86d8\" data-element_type=\"container\">\n\t\t\t\t\t<div class=\"e-con-inner\">\n\t\t\t\t<div class=\"elementor-element elementor-element-4e301cb elementor-widget elementor-widget-text-editor\" data-id=\"4e301cb\" data-element_type=\"widget\" data-widget_type=\"text-editor.default\">\n\t\t\t\t\t\t\t\t\t<p data-pm-slice=\"1 1 []\"><strong>Pianka PUR otwarto-kom\u00f3rkowa\u00a0<\/strong><\/p><p data-pm-slice=\"1 1 []\"><span style=\"font-size: 15px;\">to lekka, elastyczna izolacja natryskowa, kt\u00f3ra po aplikacji silnie si\u0119 rozpr\u0119\u017ca i szczelnie wype\u0142nia wszystkie szczeliny, ograniczaj\u0105c niekontrolowan\u0105 infiltracj\u0119 powietrza. Jest dyfuzyjnie otwarta (&#8222;oddychaj\u0105ca&#8221;), dzi\u0119ki czemu pozwala na odprowadzanie pary wodnej z przegrody, co sprzyja zdrowemu mikroklimatowi wn\u0119trz. Dobrze t\u0142umi ha\u0142as i poprawia akustyk\u0119 pomieszcze\u0144; najcz\u0119\u015bciej stosuje si\u0119 j\u0105 na poddaszach, w \u015bcianach szkieletowych i stropach. Jej przewodno\u015b\u0107 cieplna jest korzystna dla budownictwa mieszkaniowego, a ci\u0105g\u0142o\u015b\u0107 warstwy minimalizuje mostki termiczne. Wymaga os\u0142ony przed promieniowaniem UV oraz prawid\u0142owo zaprojektowanej warstwy paroizolacji od wewn\u0105trz, zale\u017cnie od uk\u0142adu dachu\/\u015bciany. Nie jest materia\u0142em konstrukcyjnym ani hydroizolacj\u0105 \u2013 uzupe\u0142nia j\u0105 poprawna wentylacja i szczelno\u015b\u0107 detali w ca\u0142ej przegrodzie.<\/span><\/p>\t\t\t\t\t\t\t\t<\/div>\n\t\t\t\t\t<\/div>\n\t\t\t\t<\/div>\n\t\t<div class=\"elementor-element elementor-element-b408ffa e-flex e-con-boxed e-con e-parent\" data-id=\"b408ffa\" data-element_type=\"container\">\n\t\t\t\t\t<div class=\"e-con-inner\">\n\t\t\t\t<div class=\"elementor-element elementor-element-dea2f4b elementor-widget elementor-widget-image\" data-id=\"dea2f4b\" data-element_type=\"widget\" data-widget_type=\"image.default\">\n\t\t\t\t\t\t\t\t\t\t\t\t\t\t\t<img fetchpriority=\"high\" decoding=\"async\" width=\"210\" height=\"300\" src=\"https:\/\/bijemypiane.pl\/wp-content\/uploads\/2025\/08\/otwarto-1-210x300.webp\" class=\"attachment-medium size-medium wp-image-1315\" alt=\"\" srcset=\"https:\/\/bijemypiane.pl\/wp-content\/uploads\/2025\/08\/otwarto-1-210x300.webp 210w, https:\/\/bijemypiane.pl\/wp-content\/uploads\/2025\/08\/otwarto-1.webp 262w\" sizes=\"(max-width: 210px) 100vw, 210px\" \/>\t\t\t\t\t\t\t\t\t\t\t\t\t\t\t<\/div>\n\t\t\t\t\t<\/div>\n\t\t\t\t<\/div>\n\t\t\t\t<\/div>\n\t\t","protected":false},"excerpt":{"rendered":"<p>Pianka PUR otwarto-kom\u00f3rkowa\u00a0 to lekka, elastyczna izolacja natryskowa, kt\u00f3ra po aplikacji silnie si\u0119 rozpr\u0119\u017ca i szczelnie wype\u0142nia wszystkie szczeliny, ograniczaj\u0105c niekontrolowan\u0105 infiltracj\u0119 powietrza. Jest dyfuzyjnie otwarta (&#8222;oddychaj\u0105ca&#8221;), dzi\u0119ki czemu pozwala na odprowadzanie pary wodnej z przegrody, co sprzyja zdrowemu mikroklimatowi wn\u0119trz. Dobrze t\u0142umi ha\u0142as i poprawia akustyk\u0119 pomieszcze\u0144; najcz\u0119\u015bciej stosuje si\u0119 j\u0105 na poddaszach, w [&hellip;]<\/p>\n","protected":false},"author":1,"featured_media":0,"parent":0,"menu_order":0,"comment_status":"closed","ping_status":"closed","template":"","meta":{"ocean_post_layout":"","ocean_both_sidebars_style":"","ocean_both_sidebars_content_width":0,"ocean_both_sidebars_sidebars_width":0,"ocean_sidebar":"","ocean_second_sidebar":"","ocean_disable_margins":"enable","ocean_add_body_class":"","ocean_shortcode_before_top_bar":"","ocean_shortcode_after_top_bar":"","ocean_shortcode_before_header":"","ocean_shortcode_after_header":"","ocean_has_shortcode":"","ocean_shortcode_after_title":"","ocean_shortcode_before_footer_widgets":"","ocean_shortcode_after_footer_widgets":"","ocean_shortcode_before_footer_bottom":"","ocean_shortcode_after_footer_bottom":"","ocean_display_top_bar":"default","ocean_display_header":"default","ocean_header_style":"","ocean_center_header_left_menu":"","ocean_custom_header_template":"","ocean_custom_logo":0,"ocean_custom_retina_logo":0,"ocean_custom_logo_max_width":0,"ocean_custom_logo_tablet_max_width":0,"ocean_custom_logo_mobile_max_width":0,"ocean_custom_logo_max_height":0,"ocean_custom_logo_tablet_max_height":0,"ocean_custom_logo_mobile_max_height":0,"ocean_header_custom_menu":"","ocean_menu_typo_font_family":"","ocean_menu_typo_font_subset":"","ocean_menu_typo_font_size":0,"ocean_menu_typo_font_size_tablet":0,"ocean_menu_typo_font_size_mobile":0,"ocean_menu_typo_font_size_unit":"px","ocean_menu_typo_font_weight":"","ocean_menu_typo_font_weight_tablet":"","ocean_menu_typo_font_weight_mobile":"","ocean_menu_typo_transform":"","ocean_menu_typo_transform_tablet":"","ocean_menu_typo_transform_mobile":"","ocean_menu_typo_line_height":0,"ocean_menu_typo_line_height_tablet":0,"ocean_menu_typo_line_height_mobile":0,"ocean_menu_typo_line_height_unit":"","ocean_menu_typo_spacing":0,"ocean_menu_typo_spacing_tablet":0,"ocean_menu_typo_spacing_mobile":0,"ocean_menu_typo_spacing_unit":"","ocean_menu_link_color":"","ocean_menu_link_color_hover":"","ocean_menu_link_color_active":"","ocean_menu_link_background":"","ocean_menu_link_hover_background":"","ocean_menu_link_active_background":"","ocean_menu_social_links_bg":"","ocean_menu_social_hover_links_bg":"","ocean_menu_social_links_color":"","ocean_menu_social_hover_links_color":"","ocean_disable_title":"default","ocean_disable_heading":"default","ocean_post_title":"","ocean_post_subheading":"","ocean_post_title_style":"","ocean_post_title_background_color":"","ocean_post_title_background":0,"ocean_post_title_bg_image_position":"","ocean_post_title_bg_image_attachment":"","ocean_post_title_bg_image_repeat":"","ocean_post_title_bg_image_size":"","ocean_post_title_height":0,"ocean_post_title_bg_overlay":0.5,"ocean_post_title_bg_overlay_color":"","ocean_disable_breadcrumbs":"default","ocean_breadcrumbs_color":"","ocean_breadcrumbs_separator_color":"","ocean_breadcrumbs_links_color":"","ocean_breadcrumbs_links_hover_color":"","ocean_display_footer_widgets":"default","ocean_display_footer_bottom":"default","ocean_custom_footer_template":"","omw_enable_modal_window":"enable","footnotes":""},"class_list":["post-1313","page","type-page","status-publish","hentry","entry"],"_links":{"self":[{"href":"https:\/\/bijemypiane.pl\/index.php\/wp-json\/wp\/v2\/pages\/1313","targetHints":{"allow":["GET"]}}],"collection":[{"href":"https:\/\/bijemypiane.pl\/index.php\/wp-json\/wp\/v2\/pages"}],"about":[{"href":"https:\/\/bijemypiane.pl\/index.php\/wp-json\/wp\/v2\/types\/page"}],"author":[{"embeddable":true,"href":"https:\/\/bijemypiane.pl\/index.php\/wp-json\/wp\/v2\/users\/1"}],"replies":[{"embeddable":true,"href":"https:\/\/bijemypiane.pl\/index.php\/wp-json\/wp\/v2\/comments?post=1313"}],"version-history":[{"count":9,"href":"https:\/\/bijemypiane.pl\/index.php\/wp-json\/wp\/v2\/pages\/1313\/revisions"}],"predecessor-version":[{"id":1335,"href":"https:\/\/bijemypiane.pl\/index.php\/wp-json\/wp\/v2\/pages\/1313\/revisions\/1335"}],"wp:attachment":[{"href":"https:\/\/bijemypiane.pl\/index.php\/wp-json\/wp\/v2\/media?parent=1313"}],"curies":[{"name":"wp","href":"https:\/\/api.w.org\/{rel}","templated":true}]}}